{"id":1766,"date":"2024-07-23T17:27:48","date_gmt":"2024-07-23T15:27:48","guid":{"rendered":"https:\/\/drjaworowski.pl\/?page_id=1766"},"modified":"2024-07-23T17:27:49","modified_gmt":"2024-07-23T15:27:49","slug":"%d0%bf%d1%83%d0%b1%d0%bb%d1%96%d0%ba%d0%b0%d1%86%d1%96%d1%97","status":"publish","type":"page","link":"https:\/\/drjaworowski.pl\/uk\/%d0%bd%d0%b0%d1%83%d0%ba%d0%b0\/%d0%bf%d1%83%d0%b1%d0%bb%d1%96%d0%ba%d0%b0%d1%86%d1%96%d1%97\/","title":{"rendered":"\u041f\u0443\u0431\u043b\u0456\u043a\u0430\u0446\u0456\u0457"},"content":{"rendered":"\n<div class=\"header-page is-style-small-height\">\n  <div class=\"header-page__container\">\n\n        <div class=\"header-page__image\">\n      <img loading=\"lazy\" decoding=\"async\" width=\"1024\" height=\"680\" src=\"data:image\/png;base64,iVBORw0KGgoAAAANSUhEUgAAAAEAAAABCAQAAAC1HAwCAAAAC0lEQVR42mP8Xw8AAoMBgDTD2qgAAAAASUVORK5CYII=\" class=\"attachment-large size-large landscape\" alt=\"\" srcset=\"https:\/\/drjaworowski.pl\/wp-content\/uploads\/2024\/04\/science_bg-1024x680.jpg 1024w, https:\/\/drjaworowski.pl\/wp-content\/uploads\/2024\/04\/science_bg-300x199.jpg 300w, https:\/\/drjaworowski.pl\/wp-content\/uploads\/2024\/04\/science_bg-180x120.jpg 180w, https:\/\/drjaworowski.pl\/wp-content\/uploads\/2024\/04\/science_bg-768x510.jpg 768w, https:\/\/drjaworowski.pl\/wp-content\/uploads\/2024\/04\/science_bg-1536x1020.jpg 1536w, https:\/\/drjaworowski.pl\/wp-content\/uploads\/2024\/04\/science_bg.jpg 1920w\" sizes=\"auto, (max-width: 1024px) 100vw, 1024px\" data-srcset=\"https:\/\/drjaworowski.pl\/wp-content\/uploads\/2024\/04\/science_bg-1024x680.jpg 1024w, https:\/\/drjaworowski.pl\/wp-content\/uploads\/2024\/04\/science_bg-300x199.jpg 300w, https:\/\/drjaworowski.pl\/wp-content\/uploads\/2024\/04\/science_bg-180x120.jpg 180w, https:\/\/drjaworowski.pl\/wp-content\/uploads\/2024\/04\/science_bg-768x510.jpg 768w, https:\/\/drjaworowski.pl\/wp-content\/uploads\/2024\/04\/science_bg-1536x1020.jpg 1536w, https:\/\/drjaworowski.pl\/wp-content\/uploads\/2024\/04\/science_bg.jpg 1920w\" data-src=\"https:\/\/drjaworowski.pl\/wp-content\/uploads\/2024\/04\/science_bg-1024x680.jpg\" \/>    <\/div>\n        <div class=\"header-page__content\">\n      \n\n<div class=\"wp-block-columns are-vertically-aligned-center is-layout-flex wp-container-core-columns-is-layout-9d6595d7 wp-block-columns-is-layout-flex\">\n<div class=\"wp-block-column is-vertically-aligned-center is-layout-flow wp-block-column-is-layout-flow\"><h1 class=\"has-text-align-center wp-block-post-title\">\u041f\u0443\u0431\u043b\u0456\u043a\u0430\u0446\u0456\u0457<\/h1>\n\n\n<p class=\"has-text-align-center has-xs-font-size\">\u0414\u043e\u043a\u0442\u043e\u0440 \u042f\u043d\u0443\u0448 \u0420\u043e\u0431\u0435\u0440\u0442 \u042f\u0432\u043e\u0440\u043e\u0432\u0441\u044c\u043a\u0438\u0439 \u0432\u0445\u043e\u0434\u0438\u0442\u044c \u0434\u043e \u0434\u0443\u0436\u0435 \u0432\u0443\u0437\u044c\u043a\u043e\u0433\u043e \u043a\u043e\u043b\u0430 \u043f\u043e\u043b\u044c\u0441\u044c\u043a\u0438\u0445 \u043f\u043b\u0430\u0441\u0442\u0438\u0447\u043d\u0438\u0445 \u0445\u0456\u0440\u0443\u0440\u0433\u0456\u0432, \u044f\u043a\u0456 \u043c\u043e\u0436\u0443\u0442\u044c \u043f\u043e\u0445\u0432\u0430\u043b\u0438\u0442\u0438\u0441\u044f \u043d\u0430\u0443\u043a\u043e\u0432\u0438\u043c\u0438 \u043f\u0443\u0431\u043b\u0456\u043a\u0430\u0446\u0456\u044f\u043c\u0438 \u0432 \u043d\u0430\u0439\u043f\u0440\u0435\u0441\u0442\u0438\u0436\u043d\u0456\u0448\u0438\u0445 \u0436\u0443\u0440\u043d\u0430\u043b\u0430\u0445, \u043f\u0440\u0438\u0441\u0432\u044f\u0447\u0435\u043d\u0438\u0445 \u043f\u043b\u0430\u0441\u0442\u0438\u0447\u043d\u0456\u0439, \u0440\u0435\u043a\u043e\u043d\u0441\u0442\u0440\u0443\u043a\u0442\u0438\u0432\u043d\u0456\u0439 \u0442\u0430 \u0449\u0435\u043b\u0435\u043f\u043d\u043e-\u043b\u0438\u0446\u0435\u0432\u0456\u0439 \u0445\u0456\u0440\u0443\u0440\u0433\u0456\u0457.<\/p>\n<\/div>\n<\/div>\n\n\n    <\/div>\n\n  <\/div>\n<\/div>\n\n\n<div class=\"wp-block-group is-layout-constrained wp-block-group-is-layout-constrained\">\n<p>Supporting mandibular resection with intraoperative navigation utilizing Augmented Reality technology \u2013 A&nbsp;proof of concept study<\/p>\n\n\n\n<hr class=\"wp-block-separator has-alpha-channel-opacity\"\/>\n\n\n\n<p>Navigation-guided fibula free flap for mandibular reconstruction: A&nbsp;proof of concept study<\/p>\n\n\n\n<hr class=\"wp-block-separator has-alpha-channel-opacity\"\/>\n\n\n\n<p>Supporting Fibula Free Flap Harvest With Augmented Reality: A&nbsp;Proof of Concept Study<\/p>\n\n\n\n<hr class=\"wp-block-separator has-alpha-channel-opacity\"\/>\n\n\n\n<p><a href=\"http:\/\/www.sciencedirect.com\/science\/article\/pii\/S0901502715014861\" target=\"_blank\" rel=\"noreferrer noopener\">Accuracy of experimental mandibular osteotomy using the image \u2013 guided sagittal saw<\/a><\/p>\n\n\n\n<hr class=\"wp-block-separator has-alpha-channel-opacity\"\/>\n\n\n\n<p><a href=\"http:\/\/www.sciencedirect.com\/science\/article\/pii\/S1010518215001778\" target=\"_blank\" rel=\"noreferrer noopener\">Image \u2013 guided bone resection as&nbsp;a&nbsp;prospective alternative to&nbsp;cutting templates \u2013 A&nbsp;preliminary study<\/a><\/p>\n\n\n\n<hr class=\"wp-block-separator has-alpha-channel-opacity\"\/>\n\n\n\n<p><a href=\"http:\/\/onlinelibrary.wiley.com\/doi\/10.1002\/hed.23473\/abstract\" target=\"_blank\" rel=\"noreferrer noopener\">Contamination of the surgical field in&nbsp;head and neck oncologic surgery<\/a><\/p>\n\n\n\n<hr class=\"wp-block-separator has-alpha-channel-opacity\"\/>\n\n\n\n<p><a href=\"http:\/\/www.sciencedirect.com\/science\/article\/pii\/S0030665712000315\" target=\"_blank\" rel=\"noreferrer noopener\">Mi\u0119sak g\u0142adkokom\u00f3rkowy ucha \u2013 opis przypadku<\/a><\/p>\n\n\n\n<hr class=\"wp-block-separator has-alpha-channel-opacity\"\/>\n\n\n\n<p><a href=\"https:\/\/books.google.pl\/books?hl=pl&amp;lr=&amp;id=eDYTAgAAQBAJ&amp;oi=fnd&amp;pg=PA331&amp;ots=heys_K2xRh&amp;sig=-GXhdxakK4yam4zMinWNPsNstBI&amp;redir_esc=y#v=onepage&amp;q&amp;f=false\" target=\"_blank\" rel=\"noreferrer noopener\">Navigated surgical tools calibration issue in&nbsp;computer aided tumor resection procedures<\/a><\/p>\n\n\n\n<hr class=\"wp-block-separator has-alpha-channel-opacity\"\/>\n\n\n\n<p><a href=\"https:\/\/books.google.pl\/books?hl=pl&amp;lr=&amp;id=eDYTAgAAQBAJ&amp;oi=fnd&amp;pg=PA325&amp;ots=heys_K2wSm&amp;sig=IAj6_1ueQveCZqrbHOeMrEn5Hok&amp;redir_esc=y#v=onepage&amp;q&amp;f=false\" target=\"_blank\" rel=\"noreferrer noopener\">Fixation procedure for bone reconstruction in&nbsp;maxillo-faxial surgery<\/a><\/p>\n\n\n\n<hr class=\"wp-block-separator has-alpha-channel-opacity\"\/>\n\n\n\n<p><a href=\"http:\/\/ieeexplore.ieee.org\/xpl\/login.jsp?tp=&amp;arnumber=6614058&amp;url=http%3A%2F%2Fieeexplore.ieee.org%2Fxpls%2Fabs_all.jsp%3Farnumber%3D6614058\" target=\"_blank\" rel=\"noreferrer noopener\">The Maxillo-Facial Surgery System for guided cancer resection and bone reconstruction<\/a><\/p>\n\n\n\n<hr class=\"wp-block-separator has-alpha-channel-opacity\"\/>\n\n\n\n<p><a href=\"http:\/\/www.degruyter.com\/view\/j\/rehab.2013.27.issue-2\/rehab-2014-0010\/rehab-2014-0010.pdf\" target=\"_blank\" rel=\"noreferrer noopener\">Zmiany stereotypu chodu pacjent\u00f3w po&nbsp;rekonstrukcji \u017cuchwy p\u0142atem strza\u0142kowym lub p\u0142atem talerza ko\u015bci biodrowej w&nbsp;przebiegu leczenia nowotwor\u00f3w rejon\u00f3w g\u0142owy i&nbsp;szyi<\/a><\/p>\n\n\n\n<hr class=\"wp-block-separator has-alpha-channel-opacity\"\/>\n\n\n\n<p>Regenerative &amp; Functional Medicine<\/p>\n\n\n\n<hr class=\"wp-block-separator has-alpha-channel-opacity\"\/>\n\n\n\n<p>In&nbsp;vivo microtomography in&nbsp;assessment of bone tissue regeneration in&nbsp;bioactive scaffolds<\/p>\n\n\n\n<hr class=\"wp-block-separator has-alpha-channel-opacity\"\/>\n\n\n\n<p><a href=\"https:\/\/www.researchgate.net\/profile\/Rafal_Pokrowiecki\/publication\/274099588_Implant-supported_dentures_in_rehabilitation_of_head_and_neck_cancer_patients\/links\/552ab9bf0cf29b22c9c18aa0.pdf\" target=\"_blank\" rel=\"noreferrer noopener\">Implantoprotetyczna rehabilitacja pacjent\u00f3w po&nbsp;leczeniu nowotwor\u00f3w twarzoczaszki \u2013 przegl\u0105d pi\u015bmiennictwa<\/a><\/p>\n\n\n\n<hr class=\"wp-block-separator has-alpha-channel-opacity\"\/>\n\n\n\n<p><a href=\"http:\/\/www.ijoms.com\/article\/S0901-5027(11)00598-4\/abstract\" target=\"_blank\" rel=\"noreferrer noopener\">Intraoral microsurgical anastomosis of the free bony flaps\u2013report on&nbsp;two cases<\/a><\/p>\n\n\n\n<hr class=\"wp-block-separator has-alpha-channel-opacity\"\/>\n\n\n\n<p><a href=\"http:\/\/www.ijoms.com\/article\/S0901-5027(11)01346-4\/abstract\" target=\"_blank\" rel=\"noreferrer noopener\">Major bone defect reconstruction with nanotechnological bioactive scaffold: experimental study on&nbsp;rats<\/a><\/p>\n\n\n\n<hr class=\"wp-block-separator has-alpha-channel-opacity\"\/>\n\n\n\n<p><a href=\"http:\/\/www.sciencedirect.com\/science\/article\/pii\/S0030665711707090\" target=\"_blank\" rel=\"noreferrer noopener\">Zastosowanie mikronaczyniowych wolnych p\u0142at\u00f3w powi\u0119ziowo-sk\u00f3rnych i&nbsp;mi\u0119\u015bniowo-sk\u00f3rnych w&nbsp;chirurgii g\u0142owy i&nbsp;szyi<\/a><\/p>\n\n\n\n<hr class=\"wp-block-separator has-alpha-channel-opacity\"\/>\n\n\n\n<p>Rehabilitacja implantoprotetyczna pacjent\u00f3w po&nbsp;resekcji \u017cuchwy i&nbsp;rekonstrukcji z&nbsp;zastosowaniem unaczynionych p\u0142at\u00f3w z&nbsp;ko\u015bci strza\u0142ki<\/p>\n\n\n\n<hr class=\"wp-block-separator has-alpha-channel-opacity\"\/>\n\n\n\n<p><a href=\"http:\/\/www.prot.stomat.net\/upload\/articles\/11\/1058.pdf\" target=\"_blank\" rel=\"noreferrer noopener\">Leczenie protetyczne po&nbsp;zabiegu resekcji \u017cuchwy i&nbsp;rekonstrukcji p\u0142atem sk\u00f3rno-mi\u0119\u015bniowym z&nbsp;mi\u0119\u015bnia piersiowego wi\u0119kszego<\/a><\/p>\n\n\n\n<hr class=\"wp-block-separator has-alpha-channel-opacity\"\/>\n\n\n\n<p><a href=\"http:\/\/www.prot.stomat.net\/upload\/articles\/11\/1097.pdf\" target=\"_blank\" rel=\"noreferrer noopener\">Interdyscyplinarna rehabilitacja pacjent\u00f3w po&nbsp;operacjach nowotwor\u00f3w w&nbsp;obr\u0119bie \u017cuchwy z&nbsp;wykorzystaniem metod implantoprotetycznych\u2013opis przypadk\u00f3w<\/a><\/p>\n<\/div>\n","protected":false},"excerpt":{"rendered":"<p>Supporting mandibular resection with intraoperative navigation utilizing Augmented Reality technology \u2013 A&nbsp;proof of concept study Navigation-guided fibula free flap for mandibular reconstruction: A&nbsp;proof of concept study Supporting Fibula Free Flap Harvest With Augmented Reality: A&nbsp;Proof of Concept Study Accuracy of experimental mandibular osteotomy using the image \u2013 guided sagittal saw Image \u2013 guided bone resection [&hellip;]<\/p>\n","protected":false},"author":2,"featured_media":0,"parent":1573,"menu_order":0,"comment_status":"closed","ping_status":"closed","template":"","meta":{"_acf_changed":false,"footnotes":""},"class_list":["post-1766","page","type-page","status-publish","hentry"],"acf":[],"yoast_head":"<!-- This site is optimized with the Yoast SEO plugin v27.1.1 - https:\/\/yoast.com\/product\/yoast-seo-wordpress\/ -->\n<title>\u041f\u0443\u0431\u043b\u0456\u043a\u0430\u0446\u0456\u0457 - dr Janusz Jaworowski<\/title>\n<meta name=\"robots\" content=\"index, follow, max-snippet:-1, max-image-preview:large, max-video-preview:-1\" \/>\n<link rel=\"canonical\" href=\"https:\/\/drjaworowski.pl\/uk\/\u043d\u0430\u0443\u043a\u0430\/\u043f\u0443\u0431\u043b\u0456\u043a\u0430\u0446\u0456\u0457\/\" \/>\n<meta property=\"og:locale\" content=\"uk_UA\" \/>\n<meta property=\"og:type\" content=\"article\" \/>\n<meta property=\"og:title\" content=\"\u041f\u0443\u0431\u043b\u0456\u043a\u0430\u0446\u0456\u0457 - dr Janusz Jaworowski\" \/>\n<meta property=\"og:description\" content=\"Supporting mandibular resection with intraoperative navigation utilizing Augmented Reality technology \u2013 A&nbsp;proof of concept study Navigation-guided fibula free flap for mandibular reconstruction: A&nbsp;proof of concept study Supporting Fibula Free Flap Harvest With Augmented Reality: A&nbsp;Proof of Concept Study Accuracy of experimental mandibular osteotomy using the image \u2013 guided sagittal saw Image \u2013 guided bone resection [&hellip;]\" \/>\n<meta property=\"og:url\" content=\"https:\/\/drjaworowski.pl\/uk\/\u043d\u0430\u0443\u043a\u0430\/\u043f\u0443\u0431\u043b\u0456\u043a\u0430\u0446\u0456\u0457\/\" \/>\n<meta property=\"og:site_name\" content=\"dr Janusz Jaworowski\" \/>\n<meta property=\"article:modified_time\" content=\"2024-07-23T15:27:49+00:00\" \/>\n<meta name=\"twitter:card\" content=\"summary_large_image\" \/>\n<meta name=\"twitter:label1\" content=\"Est. reading time\" \/>\n\t<meta name=\"twitter:data1\" content=\"2 minutes\" \/>\n<script type=\"application\/ld+json\" class=\"yoast-schema-graph\">{\"@context\":\"https:\/\/schema.org\",\"@graph\":[{\"@type\":\"WebPage\",\"@id\":\"https:\/\/drjaworowski.pl\/uk\/%d0%bd%d0%b0%d1%83%d0%ba%d0%b0\/%d0%bf%d1%83%d0%b1%d0%bb%d1%96%d0%ba%d0%b0%d1%86%d1%96%d1%97\/\",\"url\":\"https:\/\/drjaworowski.pl\/uk\/%d0%bd%d0%b0%d1%83%d0%ba%d0%b0\/%d0%bf%d1%83%d0%b1%d0%bb%d1%96%d0%ba%d0%b0%d1%86%d1%96%d1%97\/\",\"name\":\"\u041f\u0443\u0431\u043b\u0456\u043a\u0430\u0446\u0456\u0457 - dr Janusz Jaworowski\",\"isPartOf\":{\"@id\":\"https:\/\/drjaworowski.pl\/#website\"},\"datePublished\":\"2024-07-23T15:27:48+00:00\",\"dateModified\":\"2024-07-23T15:27:49+00:00\",\"breadcrumb\":{\"@id\":\"https:\/\/drjaworowski.pl\/uk\/%d0%bd%d0%b0%d1%83%d0%ba%d0%b0\/%d0%bf%d1%83%d0%b1%d0%bb%d1%96%d0%ba%d0%b0%d1%86%d1%96%d1%97\/#breadcrumb\"},\"inLanguage\":\"uk-UA\",\"potentialAction\":[{\"@type\":\"ReadAction\",\"target\":[\"https:\/\/drjaworowski.pl\/uk\/%d0%bd%d0%b0%d1%83%d0%ba%d0%b0\/%d0%bf%d1%83%d0%b1%d0%bb%d1%96%d0%ba%d0%b0%d1%86%d1%96%d1%97\/\"]}]},{\"@type\":\"BreadcrumbList\",\"@id\":\"https:\/\/drjaworowski.pl\/uk\/%d0%bd%d0%b0%d1%83%d0%ba%d0%b0\/%d0%bf%d1%83%d0%b1%d0%bb%d1%96%d0%ba%d0%b0%d1%86%d1%96%d1%97\/#breadcrumb\",\"itemListElement\":[{\"@type\":\"ListItem\",\"position\":1,\"name\":\"Strona g\u0142\u00f3wna\",\"item\":\"https:\/\/drjaworowski.pl\/uk\/\"},{\"@type\":\"ListItem\",\"position\":2,\"name\":\"\u041d\u0430\u0443\u043a\u0430\",\"item\":\"https:\/\/drjaworowski.pl\/uk\/%d0%bd%d0%b0%d1%83%d0%ba%d0%b0\/\"},{\"@type\":\"ListItem\",\"position\":3,\"name\":\"\u041f\u0443\u0431\u043b\u0456\u043a\u0430\u0446\u0456\u0457\"}]},{\"@type\":\"WebSite\",\"@id\":\"https:\/\/drjaworowski.pl\/#website\",\"url\":\"https:\/\/drjaworowski.pl\/\",\"name\":\"dr Janusz Jaworowski\",\"description\":\"Chirurg plastyczny Bia\u0142ystok, zabiegi powi\u0119kszania piersi, korekty nosy, liposukcji, abdominoplastyki.\",\"potentialAction\":[{\"@type\":\"SearchAction\",\"target\":{\"@type\":\"EntryPoint\",\"urlTemplate\":\"https:\/\/drjaworowski.pl\/?s={search_term_string}\"},\"query-input\":{\"@type\":\"PropertyValueSpecification\",\"valueRequired\":true,\"valueName\":\"search_term_string\"}}],\"inLanguage\":\"uk-UA\"}]}<\/script>\n<!-- \/ Yoast SEO plugin. -->","yoast_head_json":{"title":"\u041f\u0443\u0431\u043b\u0456\u043a\u0430\u0446\u0456\u0457 - dr Janusz Jaworowski","robots":{"index":"index","follow":"follow","max-snippet":"max-snippet:-1","max-image-preview":"max-image-preview:large","max-video-preview":"max-video-preview:-1"},"canonical":"https:\/\/drjaworowski.pl\/uk\/\u043d\u0430\u0443\u043a\u0430\/\u043f\u0443\u0431\u043b\u0456\u043a\u0430\u0446\u0456\u0457\/","og_locale":"uk_UA","og_type":"article","og_title":"\u041f\u0443\u0431\u043b\u0456\u043a\u0430\u0446\u0456\u0457 - dr Janusz Jaworowski","og_description":"Supporting mandibular resection with intraoperative navigation utilizing Augmented Reality technology \u2013 A&nbsp;proof of concept study Navigation-guided fibula free flap for mandibular reconstruction: A&nbsp;proof of concept study Supporting Fibula Free Flap Harvest With Augmented Reality: A&nbsp;Proof of Concept Study Accuracy of experimental mandibular osteotomy using the image \u2013 guided sagittal saw Image \u2013 guided bone resection [&hellip;]","og_url":"https:\/\/drjaworowski.pl\/uk\/\u043d\u0430\u0443\u043a\u0430\/\u043f\u0443\u0431\u043b\u0456\u043a\u0430\u0446\u0456\u0457\/","og_site_name":"dr Janusz Jaworowski","article_modified_time":"2024-07-23T15:27:49+00:00","twitter_card":"summary_large_image","twitter_misc":{"Est. reading time":"2 minutes"},"schema":{"@context":"https:\/\/schema.org","@graph":[{"@type":"WebPage","@id":"https:\/\/drjaworowski.pl\/uk\/%d0%bd%d0%b0%d1%83%d0%ba%d0%b0\/%d0%bf%d1%83%d0%b1%d0%bb%d1%96%d0%ba%d0%b0%d1%86%d1%96%d1%97\/","url":"https:\/\/drjaworowski.pl\/uk\/%d0%bd%d0%b0%d1%83%d0%ba%d0%b0\/%d0%bf%d1%83%d0%b1%d0%bb%d1%96%d0%ba%d0%b0%d1%86%d1%96%d1%97\/","name":"\u041f\u0443\u0431\u043b\u0456\u043a\u0430\u0446\u0456\u0457 - dr Janusz Jaworowski","isPartOf":{"@id":"https:\/\/drjaworowski.pl\/#website"},"datePublished":"2024-07-23T15:27:48+00:00","dateModified":"2024-07-23T15:27:49+00:00","breadcrumb":{"@id":"https:\/\/drjaworowski.pl\/uk\/%d0%bd%d0%b0%d1%83%d0%ba%d0%b0\/%d0%bf%d1%83%d0%b1%d0%bb%d1%96%d0%ba%d0%b0%d1%86%d1%96%d1%97\/#breadcrumb"},"inLanguage":"uk-UA","potentialAction":[{"@type":"ReadAction","target":["https:\/\/drjaworowski.pl\/uk\/%d0%bd%d0%b0%d1%83%d0%ba%d0%b0\/%d0%bf%d1%83%d0%b1%d0%bb%d1%96%d0%ba%d0%b0%d1%86%d1%96%d1%97\/"]}]},{"@type":"BreadcrumbList","@id":"https:\/\/drjaworowski.pl\/uk\/%d0%bd%d0%b0%d1%83%d0%ba%d0%b0\/%d0%bf%d1%83%d0%b1%d0%bb%d1%96%d0%ba%d0%b0%d1%86%d1%96%d1%97\/#breadcrumb","itemListElement":[{"@type":"ListItem","position":1,"name":"Strona g\u0142\u00f3wna","item":"https:\/\/drjaworowski.pl\/uk\/"},{"@type":"ListItem","position":2,"name":"\u041d\u0430\u0443\u043a\u0430","item":"https:\/\/drjaworowski.pl\/uk\/%d0%bd%d0%b0%d1%83%d0%ba%d0%b0\/"},{"@type":"ListItem","position":3,"name":"\u041f\u0443\u0431\u043b\u0456\u043a\u0430\u0446\u0456\u0457"}]},{"@type":"WebSite","@id":"https:\/\/drjaworowski.pl\/#website","url":"https:\/\/drjaworowski.pl\/","name":"dr Janusz Jaworowski","description":"Chirurg plastyczny Bia\u0142ystok, zabiegi powi\u0119kszania piersi, korekty nosy, liposukcji, abdominoplastyki.","potentialAction":[{"@type":"SearchAction","target":{"@type":"EntryPoint","urlTemplate":"https:\/\/drjaworowski.pl\/?s={search_term_string}"},"query-input":{"@type":"PropertyValueSpecification","valueRequired":true,"valueName":"search_term_string"}}],"inLanguage":"uk-UA"}]}},"_links":{"self":[{"href":"https:\/\/drjaworowski.pl\/uk\/wp-json\/wp\/v2\/pages\/1766","targetHints":{"allow":["GET"]}}],"collection":[{"href":"https:\/\/drjaworowski.pl\/uk\/wp-json\/wp\/v2\/pages"}],"about":[{"href":"https:\/\/drjaworowski.pl\/uk\/wp-json\/wp\/v2\/types\/page"}],"author":[{"embeddable":true,"href":"https:\/\/drjaworowski.pl\/uk\/wp-json\/wp\/v2\/users\/2"}],"replies":[{"embeddable":true,"href":"https:\/\/drjaworowski.pl\/uk\/wp-json\/wp\/v2\/comments?post=1766"}],"version-history":[{"count":1,"href":"https:\/\/drjaworowski.pl\/uk\/wp-json\/wp\/v2\/pages\/1766\/revisions"}],"predecessor-version":[{"id":1767,"href":"https:\/\/drjaworowski.pl\/uk\/wp-json\/wp\/v2\/pages\/1766\/revisions\/1767"}],"up":[{"embeddable":true,"href":"https:\/\/drjaworowski.pl\/uk\/wp-json\/wp\/v2\/pages\/1573"}],"wp:attachment":[{"href":"https:\/\/drjaworowski.pl\/uk\/wp-json\/wp\/v2\/media?parent=1766"}],"curies":[{"name":"wp","href":"https:\/\/api.w.org\/{rel}","templated":true}]}}