{"id":746,"date":"2018-07-15T20:37:49","date_gmt":"2018-07-15T18:37:49","guid":{"rendered":"https:\/\/drjaworowski.pl\/mikrochirurgia-i-korekta-plci\/"},"modified":"2019-10-14T22:13:39","modified_gmt":"2019-10-14T20:13:39","slug":"microsurgery-and-gender-reassignment","status":"publish","type":"page","link":"https:\/\/drjaworowski.pl\/en\/microsurgery-and-gender-reassignment\/","title":{"rendered":"Microsurgery and gender reassignment"},"content":{"rendered":"<p><strong>Dr Janusz Jaworowski is a recognized and valued expert in the field of microsurgery. It is a special branch of surgery that takes action on the smallest structures of the human body, especially small blood vessels and nerves. Expertise in this field is referred to as the crowning achievement in surgical techniques.<\/strong><\/p>\n<p>Operations on millimetre-sized tissues using tools sometimes thinner than the human hair require great precision, experience and skill. Only many years of training on ever more difficult models will allow one to reach the level of perfection that enables one to perform microsurgery in clinical practice. Dr. Janusz Jaworowski is one such specialist.<\/p>\n<p>Dr Jaworowski shares his experience and extensive microsurgical knowledge with other doctors in trainings and workshops which organizes. Only the best specialists undertake to teach students microsurgical techniques.<\/p>\n<p>In addition, Dr. Jaworowski uses microsurgical techniques during the reconstruction of breasts from the patient&#8217;s own tissues &#8211; the so-called <a href=\"https:\/\/timeless.com.pl\/en\/medical-procedures\/oncological-surgery\/breast-reconstruction\/\">DIEP or TRAM surgery<\/a>. They allow you to reconstruct breasts from unnecessary abdominal tissue in the case of a complete mastectomy. This type of surgery becomes the gold standard for breast reconstruction after oncological treatment.<\/p>\n","protected":false},"excerpt":{"rendered":"<p>Dr Janusz Jaworowski is a recognized and valued expert in the field of microsurgery. It is a special branch of surgery that takes action on the smallest structures of the human body, especially small blood vessels and nerves. Expertise in this field is referred to as the crowning achievement in surgical techniques. Operations on millimetre-sized [&hellip;]<\/p>\n","protected":false},"author":2,"featured_media":619,"parent":0,"menu_order":0,"comment_status":"closed","ping_status":"closed","template":"","meta":{"_acf_changed":false,"footnotes":""},"class_list":["post-746","page","type-page","status-publish","has-post-thumbnail","hentry"],"acf":[],"yoast_head":"<!-- This site is optimized with the Yoast SEO plugin v27.1.1 - https:\/\/yoast.com\/product\/yoast-seo-wordpress\/ -->\n<title>Mikrochirurgia i korekta p\u0142ci Bia\u0142ystok - Plastic surgery Bia\u0142ystok - dr Janusz Jaworowski<\/title>\n<meta name=\"description\" content=\"To specjalna ga\u0142\u0119\u017a chirurgii, kt\u00f3ra podejmuje si\u0119 dzia\u0142a\u0144 na najmniejszych strukturach cia\u0142a cz\u0142owieka, w szczeg\u00f3lno\u015bci ma\u0142ych naczyniach krwiono\u015bnych i nerwach\" \/>\n<meta name=\"robots\" content=\"index, follow, max-snippet:-1, max-image-preview:large, max-video-preview:-1\" \/>\n<link rel=\"canonical\" href=\"https:\/\/drjaworowski.pl\/en\/microsurgery-and-gender-reassignment\/\" \/>\n<meta property=\"og:locale\" content=\"en_US\" \/>\n<meta property=\"og:type\" content=\"article\" \/>\n<meta property=\"og:title\" content=\"Mikrochirurgia i korekta p\u0142ci Bia\u0142ystok - Plastic surgery Bia\u0142ystok - dr Janusz Jaworowski\" \/>\n<meta property=\"og:description\" content=\"To specjalna ga\u0142\u0119\u017a chirurgii, kt\u00f3ra podejmuje si\u0119 dzia\u0142a\u0144 na najmniejszych strukturach cia\u0142a cz\u0142owieka, w szczeg\u00f3lno\u015bci ma\u0142ych naczyniach krwiono\u015bnych i nerwach\" \/>\n<meta property=\"og:url\" content=\"https:\/\/drjaworowski.pl\/en\/microsurgery-and-gender-reassignment\/\" \/>\n<meta property=\"og:site_name\" content=\"Plastic surgery Bia\u0142ystok - dr Janusz Jaworowski\" \/>\n<meta property=\"article:modified_time\" content=\"2019-10-14T20:13:39+00:00\" \/>\n<meta property=\"og:image\" content=\"https:\/\/drjaworowski.pl\/wp-content\/uploads\/2019\/06\/janusz_jaworowski_06-min.png\" \/>\n\t<meta property=\"og:image:width\" content=\"951\" \/>\n\t<meta property=\"og:image:height\" content=\"1024\" \/>\n\t<meta property=\"og:image:type\" content=\"image\/png\" \/>\n<meta name=\"twitter:card\" content=\"summary_large_image\" \/>\n<meta name=\"twitter:label1\" content=\"Est. reading time\" \/>\n\t<meta name=\"twitter:data1\" content=\"1 minute\" \/>\n<script type=\"application\/ld+json\" class=\"yoast-schema-graph\">{\"@context\":\"https:\/\/schema.org\",\"@graph\":[{\"@type\":\"WebPage\",\"@id\":\"https:\/\/drjaworowski.pl\/en\/microsurgery-and-gender-reassignment\/\",\"url\":\"https:\/\/drjaworowski.pl\/en\/microsurgery-and-gender-reassignment\/\",\"name\":\"Mikrochirurgia i korekta p\u0142ci Bia\u0142ystok - Plastic surgery Bia\u0142ystok - dr Janusz Jaworowski\",\"isPartOf\":{\"@id\":\"https:\/\/drjaworowski.pl\/#website\"},\"primaryImageOfPage\":{\"@id\":\"https:\/\/drjaworowski.pl\/en\/microsurgery-and-gender-reassignment\/#primaryimage\"},\"image\":{\"@id\":\"https:\/\/drjaworowski.pl\/en\/microsurgery-and-gender-reassignment\/#primaryimage\"},\"thumbnailUrl\":\"https:\/\/drjaworowski.pl\/wp-content\/uploads\/2019\/06\/janusz_jaworowski_06-min.png\",\"datePublished\":\"2018-07-15T18:37:49+00:00\",\"dateModified\":\"2019-10-14T20:13:39+00:00\",\"description\":\"To specjalna ga\u0142\u0119\u017a chirurgii, kt\u00f3ra podejmuje si\u0119 dzia\u0142a\u0144 na najmniejszych strukturach cia\u0142a cz\u0142owieka, w szczeg\u00f3lno\u015bci ma\u0142ych naczyniach krwiono\u015bnych i nerwach\",\"breadcrumb\":{\"@id\":\"https:\/\/drjaworowski.pl\/en\/microsurgery-and-gender-reassignment\/#breadcrumb\"},\"inLanguage\":\"en-US\",\"potentialAction\":[{\"@type\":\"ReadAction\",\"target\":[\"https:\/\/drjaworowski.pl\/en\/microsurgery-and-gender-reassignment\/\"]}]},{\"@type\":\"ImageObject\",\"inLanguage\":\"en-US\",\"@id\":\"https:\/\/drjaworowski.pl\/en\/microsurgery-and-gender-reassignment\/#primaryimage\",\"url\":\"https:\/\/drjaworowski.pl\/wp-content\/uploads\/2019\/06\/janusz_jaworowski_06-min.png\",\"contentUrl\":\"https:\/\/drjaworowski.pl\/wp-content\/uploads\/2019\/06\/janusz_jaworowski_06-min.png\",\"width\":951,\"height\":1024},{\"@type\":\"BreadcrumbList\",\"@id\":\"https:\/\/drjaworowski.pl\/en\/microsurgery-and-gender-reassignment\/#breadcrumb\",\"itemListElement\":[{\"@type\":\"ListItem\",\"position\":1,\"name\":\"Strona g\u0142\u00f3wna\",\"item\":\"https:\/\/drjaworowski.pl\/en\/\"},{\"@type\":\"ListItem\",\"position\":2,\"name\":\"Microsurgery and gender reassignment\"}]},{\"@type\":\"WebSite\",\"@id\":\"https:\/\/drjaworowski.pl\/#website\",\"url\":\"https:\/\/drjaworowski.pl\/\",\"name\":\"Plastic surgery Bia\u0142ystok - dr Janusz Jaworowski\",\"description\":\"Chirurgia plastyczna rekonstrukcyjna estetyczna onkologiczna timeless\",\"potentialAction\":[{\"@type\":\"SearchAction\",\"target\":{\"@type\":\"EntryPoint\",\"urlTemplate\":\"https:\/\/drjaworowski.pl\/?s={search_term_string}\"},\"query-input\":{\"@type\":\"PropertyValueSpecification\",\"valueRequired\":true,\"valueName\":\"search_term_string\"}}],\"inLanguage\":\"en-US\"}]}<\/script>\n<!-- \/ Yoast SEO plugin. -->","yoast_head_json":{"title":"Mikrochirurgia i korekta p\u0142ci Bia\u0142ystok - Plastic surgery Bia\u0142ystok - dr Janusz Jaworowski","description":"To specjalna ga\u0142\u0119\u017a chirurgii, kt\u00f3ra podejmuje si\u0119 dzia\u0142a\u0144 na najmniejszych strukturach cia\u0142a cz\u0142owieka, w szczeg\u00f3lno\u015bci ma\u0142ych naczyniach krwiono\u015bnych i nerwach","robots":{"index":"index","follow":"follow","max-snippet":"max-snippet:-1","max-image-preview":"max-image-preview:large","max-video-preview":"max-video-preview:-1"},"canonical":"https:\/\/drjaworowski.pl\/en\/microsurgery-and-gender-reassignment\/","og_locale":"en_US","og_type":"article","og_title":"Mikrochirurgia i korekta p\u0142ci Bia\u0142ystok - Plastic surgery Bia\u0142ystok - dr Janusz Jaworowski","og_description":"To specjalna ga\u0142\u0119\u017a chirurgii, kt\u00f3ra podejmuje si\u0119 dzia\u0142a\u0144 na najmniejszych strukturach cia\u0142a cz\u0142owieka, w szczeg\u00f3lno\u015bci ma\u0142ych naczyniach krwiono\u015bnych i nerwach","og_url":"https:\/\/drjaworowski.pl\/en\/microsurgery-and-gender-reassignment\/","og_site_name":"Plastic surgery Bia\u0142ystok - dr Janusz Jaworowski","article_modified_time":"2019-10-14T20:13:39+00:00","og_image":[{"width":951,"height":1024,"url":"https:\/\/drjaworowski.pl\/wp-content\/uploads\/2019\/06\/janusz_jaworowski_06-min.png","type":"image\/png"}],"twitter_card":"summary_large_image","twitter_misc":{"Est. reading time":"1 minute"},"schema":{"@context":"https:\/\/schema.org","@graph":[{"@type":"WebPage","@id":"https:\/\/drjaworowski.pl\/en\/microsurgery-and-gender-reassignment\/","url":"https:\/\/drjaworowski.pl\/en\/microsurgery-and-gender-reassignment\/","name":"Mikrochirurgia i korekta p\u0142ci Bia\u0142ystok - Plastic surgery Bia\u0142ystok - dr Janusz Jaworowski","isPartOf":{"@id":"https:\/\/drjaworowski.pl\/#website"},"primaryImageOfPage":{"@id":"https:\/\/drjaworowski.pl\/en\/microsurgery-and-gender-reassignment\/#primaryimage"},"image":{"@id":"https:\/\/drjaworowski.pl\/en\/microsurgery-and-gender-reassignment\/#primaryimage"},"thumbnailUrl":"https:\/\/drjaworowski.pl\/wp-content\/uploads\/2019\/06\/janusz_jaworowski_06-min.png","datePublished":"2018-07-15T18:37:49+00:00","dateModified":"2019-10-14T20:13:39+00:00","description":"To specjalna ga\u0142\u0119\u017a chirurgii, kt\u00f3ra podejmuje si\u0119 dzia\u0142a\u0144 na najmniejszych strukturach cia\u0142a cz\u0142owieka, w szczeg\u00f3lno\u015bci ma\u0142ych naczyniach krwiono\u015bnych i nerwach","breadcrumb":{"@id":"https:\/\/drjaworowski.pl\/en\/microsurgery-and-gender-reassignment\/#breadcrumb"},"inLanguage":"en-US","potentialAction":[{"@type":"ReadAction","target":["https:\/\/drjaworowski.pl\/en\/microsurgery-and-gender-reassignment\/"]}]},{"@type":"ImageObject","inLanguage":"en-US","@id":"https:\/\/drjaworowski.pl\/en\/microsurgery-and-gender-reassignment\/#primaryimage","url":"https:\/\/drjaworowski.pl\/wp-content\/uploads\/2019\/06\/janusz_jaworowski_06-min.png","contentUrl":"https:\/\/drjaworowski.pl\/wp-content\/uploads\/2019\/06\/janusz_jaworowski_06-min.png","width":951,"height":1024},{"@type":"BreadcrumbList","@id":"https:\/\/drjaworowski.pl\/en\/microsurgery-and-gender-reassignment\/#breadcrumb","itemListElement":[{"@type":"ListItem","position":1,"name":"Strona g\u0142\u00f3wna","item":"https:\/\/drjaworowski.pl\/en\/"},{"@type":"ListItem","position":2,"name":"Microsurgery and gender reassignment"}]},{"@type":"WebSite","@id":"https:\/\/drjaworowski.pl\/#website","url":"https:\/\/drjaworowski.pl\/","name":"Plastic surgery Bia\u0142ystok - dr Janusz Jaworowski","description":"Chirurgia plastyczna rekonstrukcyjna estetyczna onkologiczna timeless","potentialAction":[{"@type":"SearchAction","target":{"@type":"EntryPoint","urlTemplate":"https:\/\/drjaworowski.pl\/?s={search_term_string}"},"query-input":{"@type":"PropertyValueSpecification","valueRequired":true,"valueName":"search_term_string"}}],"inLanguage":"en-US"}]}},"_links":{"self":[{"href":"https:\/\/drjaworowski.pl\/en\/wp-json\/wp\/v2\/pages\/746","targetHints":{"allow":["GET"]}}],"collection":[{"href":"https:\/\/drjaworowski.pl\/en\/wp-json\/wp\/v2\/pages"}],"about":[{"href":"https:\/\/drjaworowski.pl\/en\/wp-json\/wp\/v2\/types\/page"}],"author":[{"embeddable":true,"href":"https:\/\/drjaworowski.pl\/en\/wp-json\/wp\/v2\/users\/2"}],"replies":[{"embeddable":true,"href":"https:\/\/drjaworowski.pl\/en\/wp-json\/wp\/v2\/comments?post=746"}],"version-history":[{"count":4,"href":"https:\/\/drjaworowski.pl\/en\/wp-json\/wp\/v2\/pages\/746\/revisions"}],"predecessor-version":[{"id":759,"href":"https:\/\/drjaworowski.pl\/en\/wp-json\/wp\/v2\/pages\/746\/revisions\/759"}],"wp:featuredmedia":[{"embeddable":true,"href":"https:\/\/drjaworowski.pl\/en\/wp-json\/wp\/v2\/media\/619"}],"wp:attachment":[{"href":"https:\/\/drjaworowski.pl\/en\/wp-json\/wp\/v2\/media?parent=746"}],"curies":[{"name":"wp","href":"https:\/\/api.w.org\/{rel}","templated":true}]}}