{"id":258,"date":"2016-05-24T23:39:24","date_gmt":"2016-05-24T21:39:24","guid":{"rendered":"http:\/\/new.drjaworowski.pl\/en\/biografia\/"},"modified":"2024-06-06T17:50:17","modified_gmt":"2024-06-06T15:50:17","slug":"biography","status":"publish","type":"page","link":"https:\/\/drjaworowski.pl\/en\/biography\/","title":{"rendered":"Biography"},"content":{"rendered":"\n<div class=\"header-page is-style-small-height\">\n  <div class=\"header-page__container\">\n\n        <div class=\"header-page__image\">\n      <img loading=\"lazy\" decoding=\"async\" width=\"1024\" height=\"745\" src=\"data:image\/png;base64,iVBORw0KGgoAAAANSUhEUgAAAAEAAAABCAQAAAC1HAwCAAAAC0lEQVR42mP8Xw8AAoMBgDTD2qgAAAAASUVORK5CYII=\" class=\"attachment-large size-large landscape\" alt=\"\" srcset=\"https:\/\/drjaworowski.pl\/wp-content\/uploads\/2016\/05\/bio_bg-1024x745.jpg 1024w, https:\/\/drjaworowski.pl\/wp-content\/uploads\/2016\/05\/bio_bg-180x131.jpg 180w, https:\/\/drjaworowski.pl\/wp-content\/uploads\/2016\/05\/bio_bg-300x218.jpg 300w, https:\/\/drjaworowski.pl\/wp-content\/uploads\/2016\/05\/bio_bg-768x558.jpg 768w, https:\/\/drjaworowski.pl\/wp-content\/uploads\/2016\/05\/bio_bg.jpg 1920w\" sizes=\"auto, (max-width: 1024px) 100vw, 1024px\" data-srcset=\"https:\/\/drjaworowski.pl\/wp-content\/uploads\/2016\/05\/bio_bg-1024x745.jpg 1024w, https:\/\/drjaworowski.pl\/wp-content\/uploads\/2016\/05\/bio_bg-180x131.jpg 180w, https:\/\/drjaworowski.pl\/wp-content\/uploads\/2016\/05\/bio_bg-300x218.jpg 300w, https:\/\/drjaworowski.pl\/wp-content\/uploads\/2016\/05\/bio_bg-768x558.jpg 768w, https:\/\/drjaworowski.pl\/wp-content\/uploads\/2016\/05\/bio_bg.jpg 1920w\" data-src=\"https:\/\/drjaworowski.pl\/wp-content\/uploads\/2016\/05\/bio_bg-1024x745.jpg\" \/>    <\/div>\n        <div class=\"header-page__content\">\n      \n\n<div class=\"wp-block-media-text has-media-on-the-right is-stacked-on-mobile is-vertically-aligned-center\"><div class=\"wp-block-media-text__content\"><h1 class=\"has-text-align-center wp-block-post-title\">Biography<\/h1><\/div><figure class=\"wp-block-media-text__media\"><img loading=\"lazy\" decoding=\"async\" width=\"951\" height=\"1024\" src=\"https:\/\/drjaworowski.pl\/wp-content\/uploads\/2019\/06\/janusz_jaworowski_09-min-951x1024.png\" alt=\"\" class=\"wp-image-614 size-full\" srcset=\"https:\/\/drjaworowski.pl\/wp-content\/uploads\/2019\/06\/janusz_jaworowski_09-min.png 951w, https:\/\/drjaworowski.pl\/wp-content\/uploads\/2019\/06\/janusz_jaworowski_09-min-167x180.png 167w, https:\/\/drjaworowski.pl\/wp-content\/uploads\/2019\/06\/janusz_jaworowski_09-min-279x300.png 279w, https:\/\/drjaworowski.pl\/wp-content\/uploads\/2019\/06\/janusz_jaworowski_09-min-768x827.png 768w\" sizes=\"auto, (max-width: 951px) 100vw, 951px\" \/><\/figure><\/div>\n\n\n    <\/div>\n\n  <\/div>\n<\/div>\n\n\n<div class=\"wp-block-group is-layout-constrained wp-block-group-is-layout-constrained\">\n<p>Dr. Jaworowski served as the scientific director of research teams in several high-budget projects funded by the National Centre for Research and Development, EU funds (POIG), and national funds (StrategMed). He has over 20 years of experience in the field of reconstructive and aesthetic plastic surgery and oncological surgery, evidenced by thousands of treated and satisfied patients.<\/p>\n\n\n\n<p>Through his continuous pursuit of innovation, Dr. Jaworowski has become a discoverer of new surgical methods and new applications for microvascular tissue flaps in reconstructive surgery (perforator flaps). He is also a pioneer in the use of implants for oncological patients. He was the first in the country to perform plastic and reconstructive surgeries using proprietary computer navigation systems.<\/p>\n\n\n\n<p>Dr. Jaworowski&#8217;s innovative approach has resulted in numerous awards for scientific achievements, including: Luminatus 2015; Polish Invention 2014 \u2013 BioImplant; gold medal at the International Invention Fair and a medal from the Ministry of Education, Higher Education, and Research of France, Concours Lepin, 2014.<\/p>\n\n\n\n<blockquote class=\"wp-block-quote is-layout-flow wp-block-quote-is-layout-flow\">\n<p><i>W swojej pracy zawsze kieruj\u0119 si\u0119 s\u0142owami przysi\u0119gi lekarskiej, pe\u0142en szacunku i wdzi\u0119czno\u015bci dla swoich Mistrz\u00f3w. S\u0142u\u017c\u0119 \u017cyciu i zdrowiu ludIn my work, I always follow the words of the Hippocratic Oath, full of respect and gratitude for my mentors. I serve human life and health to the best of my knowledge, counteracting suffering and disease, and bringing help to patients with the utmost respect and with their well-being as my sole aim. By enriching my own knowledge, I am happy to share it with other doctors, always with the health of patients in mind.<\/i><\/p>\n<\/blockquote>\n\n\n\n<p>Dr. Janusz Jaworowski is a member of the World Professional Association for Transgender Health, Inc. (WPATH).<\/p>\n\n\n\n<div class=\"wp-block-buttons is-layout-flex wp-block-buttons-is-layout-flex\">\n<div class=\"wp-block-button\"><a class=\"wp-block-button__link wp-element-button\" href=\"\/kontakt\">Make an appointment<\/a><\/div>\n<\/div>\n<\/div>\n","protected":false},"excerpt":{"rendered":"<p>Dr. Jaworowski has 20 years of professional experience in reconstructive and aesthetic plastic surgery.<\/p>\n","protected":false},"author":1,"featured_media":615,"parent":0,"menu_order":0,"comment_status":"closed","ping_status":"closed","template":"","meta":{"_acf_changed":false,"footnotes":""},"class_list":["post-258","page","type-page","status-publish","has-post-thumbnail","hentry"],"acf":[],"yoast_head":"<!-- This site is optimized with the Yoast SEO plugin v27.1.1 - https:\/\/yoast.com\/product\/yoast-seo-wordpress\/ -->\n<title>Biography - Plastic surgery Bia\u0142ystok - dr Janusz Jaworowski<\/title>\n<meta name=\"description\" content=\"Doctor Jaworowski has over 20 years of professional experience in reconstructive and aesthetic plastic surgery as well as oncological surgery...\" \/>\n<meta name=\"robots\" content=\"index, follow, max-snippet:-1, max-image-preview:large, max-video-preview:-1\" \/>\n<link rel=\"canonical\" href=\"https:\/\/drjaworowski.pl\/en\/biography\/\" \/>\n<meta property=\"og:locale\" content=\"en_US\" \/>\n<meta property=\"og:type\" content=\"article\" \/>\n<meta property=\"og:title\" content=\"Biography - Plastic surgery Bia\u0142ystok - dr Janusz Jaworowski\" \/>\n<meta property=\"og:description\" content=\"Doctor Jaworowski has over 20 years of professional experience in reconstructive and aesthetic plastic surgery as well as oncological surgery...\" \/>\n<meta property=\"og:url\" content=\"https:\/\/drjaworowski.pl\/en\/biography\/\" \/>\n<meta property=\"og:site_name\" content=\"Plastic surgery Bia\u0142ystok - dr Janusz Jaworowski\" \/>\n<meta property=\"article:modified_time\" content=\"2024-06-06T15:50:17+00:00\" \/>\n<meta property=\"og:image\" content=\"https:\/\/drjaworowski.pl\/wp-content\/uploads\/2019\/06\/janusz_jaworowski_09-min.png\" \/>\n\t<meta property=\"og:image:width\" content=\"951\" \/>\n\t<meta property=\"og:image:height\" content=\"1024\" \/>\n\t<meta property=\"og:image:type\" content=\"image\/png\" \/>\n<meta name=\"twitter:card\" content=\"summary_large_image\" \/>\n<meta name=\"twitter:label1\" content=\"Est. reading time\" \/>\n\t<meta name=\"twitter:data1\" content=\"2 minutes\" \/>\n<script type=\"application\/ld+json\" class=\"yoast-schema-graph\">{\"@context\":\"https:\/\/schema.org\",\"@graph\":[{\"@type\":\"WebPage\",\"@id\":\"https:\/\/drjaworowski.pl\/en\/biography\/\",\"url\":\"https:\/\/drjaworowski.pl\/en\/biography\/\",\"name\":\"Biography - Plastic surgery Bia\u0142ystok - dr Janusz Jaworowski\",\"isPartOf\":{\"@id\":\"https:\/\/drjaworowski.pl\/#website\"},\"primaryImageOfPage\":{\"@id\":\"https:\/\/drjaworowski.pl\/en\/biography\/#primaryimage\"},\"image\":{\"@id\":\"https:\/\/drjaworowski.pl\/en\/biography\/#primaryimage\"},\"thumbnailUrl\":\"https:\/\/drjaworowski.pl\/wp-content\/uploads\/2019\/06\/janusz_jaworowski_09-min.png\",\"datePublished\":\"2016-05-24T21:39:24+00:00\",\"dateModified\":\"2024-06-06T15:50:17+00:00\",\"description\":\"Doctor Jaworowski has over 20 years of professional experience in reconstructive and aesthetic plastic surgery as well as oncological surgery...\",\"breadcrumb\":{\"@id\":\"https:\/\/drjaworowski.pl\/en\/biography\/#breadcrumb\"},\"inLanguage\":\"en-US\",\"potentialAction\":[{\"@type\":\"ReadAction\",\"target\":[\"https:\/\/drjaworowski.pl\/en\/biography\/\"]}]},{\"@type\":\"ImageObject\",\"inLanguage\":\"en-US\",\"@id\":\"https:\/\/drjaworowski.pl\/en\/biography\/#primaryimage\",\"url\":\"https:\/\/drjaworowski.pl\/wp-content\/uploads\/2019\/06\/janusz_jaworowski_09-min.png\",\"contentUrl\":\"https:\/\/drjaworowski.pl\/wp-content\/uploads\/2019\/06\/janusz_jaworowski_09-min.png\",\"width\":951,\"height\":1024},{\"@type\":\"BreadcrumbList\",\"@id\":\"https:\/\/drjaworowski.pl\/en\/biography\/#breadcrumb\",\"itemListElement\":[{\"@type\":\"ListItem\",\"position\":1,\"name\":\"Strona g\u0142\u00f3wna\",\"item\":\"https:\/\/drjaworowski.pl\/en\/\"},{\"@type\":\"ListItem\",\"position\":2,\"name\":\"Biography\"}]},{\"@type\":\"WebSite\",\"@id\":\"https:\/\/drjaworowski.pl\/#website\",\"url\":\"https:\/\/drjaworowski.pl\/\",\"name\":\"Plastic surgery Bia\u0142ystok - dr Janusz Jaworowski\",\"description\":\"Chirurgia plastyczna rekonstrukcyjna estetyczna onkologiczna timeless\",\"potentialAction\":[{\"@type\":\"SearchAction\",\"target\":{\"@type\":\"EntryPoint\",\"urlTemplate\":\"https:\/\/drjaworowski.pl\/?s={search_term_string}\"},\"query-input\":{\"@type\":\"PropertyValueSpecification\",\"valueRequired\":true,\"valueName\":\"search_term_string\"}}],\"inLanguage\":\"en-US\"}]}<\/script>\n<!-- \/ Yoast SEO plugin. -->","yoast_head_json":{"title":"Biography - Plastic surgery Bia\u0142ystok - dr Janusz Jaworowski","description":"Doctor Jaworowski has over 20 years of professional experience in reconstructive and aesthetic plastic surgery as well as oncological surgery...","robots":{"index":"index","follow":"follow","max-snippet":"max-snippet:-1","max-image-preview":"max-image-preview:large","max-video-preview":"max-video-preview:-1"},"canonical":"https:\/\/drjaworowski.pl\/en\/biography\/","og_locale":"en_US","og_type":"article","og_title":"Biography - Plastic surgery Bia\u0142ystok - dr Janusz Jaworowski","og_description":"Doctor Jaworowski has over 20 years of professional experience in reconstructive and aesthetic plastic surgery as well as oncological surgery...","og_url":"https:\/\/drjaworowski.pl\/en\/biography\/","og_site_name":"Plastic surgery Bia\u0142ystok - dr Janusz Jaworowski","article_modified_time":"2024-06-06T15:50:17+00:00","og_image":[{"width":951,"height":1024,"url":"https:\/\/drjaworowski.pl\/wp-content\/uploads\/2019\/06\/janusz_jaworowski_09-min.png","type":"image\/png"}],"twitter_card":"summary_large_image","twitter_misc":{"Est. reading time":"2 minutes"},"schema":{"@context":"https:\/\/schema.org","@graph":[{"@type":"WebPage","@id":"https:\/\/drjaworowski.pl\/en\/biography\/","url":"https:\/\/drjaworowski.pl\/en\/biography\/","name":"Biography - Plastic surgery Bia\u0142ystok - dr Janusz Jaworowski","isPartOf":{"@id":"https:\/\/drjaworowski.pl\/#website"},"primaryImageOfPage":{"@id":"https:\/\/drjaworowski.pl\/en\/biography\/#primaryimage"},"image":{"@id":"https:\/\/drjaworowski.pl\/en\/biography\/#primaryimage"},"thumbnailUrl":"https:\/\/drjaworowski.pl\/wp-content\/uploads\/2019\/06\/janusz_jaworowski_09-min.png","datePublished":"2016-05-24T21:39:24+00:00","dateModified":"2024-06-06T15:50:17+00:00","description":"Doctor Jaworowski has over 20 years of professional experience in reconstructive and aesthetic plastic surgery as well as oncological surgery...","breadcrumb":{"@id":"https:\/\/drjaworowski.pl\/en\/biography\/#breadcrumb"},"inLanguage":"en-US","potentialAction":[{"@type":"ReadAction","target":["https:\/\/drjaworowski.pl\/en\/biography\/"]}]},{"@type":"ImageObject","inLanguage":"en-US","@id":"https:\/\/drjaworowski.pl\/en\/biography\/#primaryimage","url":"https:\/\/drjaworowski.pl\/wp-content\/uploads\/2019\/06\/janusz_jaworowski_09-min.png","contentUrl":"https:\/\/drjaworowski.pl\/wp-content\/uploads\/2019\/06\/janusz_jaworowski_09-min.png","width":951,"height":1024},{"@type":"BreadcrumbList","@id":"https:\/\/drjaworowski.pl\/en\/biography\/#breadcrumb","itemListElement":[{"@type":"ListItem","position":1,"name":"Strona g\u0142\u00f3wna","item":"https:\/\/drjaworowski.pl\/en\/"},{"@type":"ListItem","position":2,"name":"Biography"}]},{"@type":"WebSite","@id":"https:\/\/drjaworowski.pl\/#website","url":"https:\/\/drjaworowski.pl\/","name":"Plastic surgery Bia\u0142ystok - dr Janusz Jaworowski","description":"Chirurgia plastyczna rekonstrukcyjna estetyczna onkologiczna timeless","potentialAction":[{"@type":"SearchAction","target":{"@type":"EntryPoint","urlTemplate":"https:\/\/drjaworowski.pl\/?s={search_term_string}"},"query-input":{"@type":"PropertyValueSpecification","valueRequired":true,"valueName":"search_term_string"}}],"inLanguage":"en-US"}]}},"_links":{"self":[{"href":"https:\/\/drjaworowski.pl\/en\/wp-json\/wp\/v2\/pages\/258","targetHints":{"allow":["GET"]}}],"collection":[{"href":"https:\/\/drjaworowski.pl\/en\/wp-json\/wp\/v2\/pages"}],"about":[{"href":"https:\/\/drjaworowski.pl\/en\/wp-json\/wp\/v2\/types\/page"}],"author":[{"embeddable":true,"href":"https:\/\/drjaworowski.pl\/en\/wp-json\/wp\/v2\/users\/1"}],"replies":[{"embeddable":true,"href":"https:\/\/drjaworowski.pl\/en\/wp-json\/wp\/v2\/comments?post=258"}],"version-history":[{"count":7,"href":"https:\/\/drjaworowski.pl\/en\/wp-json\/wp\/v2\/pages\/258\/revisions"}],"predecessor-version":[{"id":1493,"href":"https:\/\/drjaworowski.pl\/en\/wp-json\/wp\/v2\/pages\/258\/revisions\/1493"}],"wp:featuredmedia":[{"embeddable":true,"href":"https:\/\/drjaworowski.pl\/en\/wp-json\/wp\/v2\/media\/615"}],"wp:attachment":[{"href":"https:\/\/drjaworowski.pl\/en\/wp-json\/wp\/v2\/media?parent=258"}],"curies":[{"name":"wp","href":"https:\/\/api.w.org\/{rel}","templated":true}]}}