{"id":244,"date":"2016-10-23T19:46:47","date_gmt":"2016-10-23T17:46:47","guid":{"rendered":"http:\/\/new.drjaworowski.pl\/en\/?page_id=244"},"modified":"2024-11-22T12:47:35","modified_gmt":"2024-11-22T11:47:35","slug":"contact","status":"publish","type":"page","link":"https:\/\/drjaworowski.pl\/en\/contact\/","title":{"rendered":"Contact"},"content":{"rendered":"\n<div class=\"header-page is-style-small-height\">\n  <div class=\"header-page__container\">\n\n        <div class=\"header-page__image\">\n      <img loading=\"lazy\" decoding=\"async\" width=\"1024\" height=\"833\" src=\"data:image\/png;base64,iVBORw0KGgoAAAANSUhEUgAAAAEAAAABCAQAAAC1HAwCAAAAC0lEQVR42mP8Xw8AAoMBgDTD2qgAAAAASUVORK5CYII=\" class=\"attachment-large size-large landscape\" alt=\"\" srcset=\"https:\/\/drjaworowski.pl\/wp-content\/uploads\/2019\/10\/bg_skills-1024x833.jpg 1024w, https:\/\/drjaworowski.pl\/wp-content\/uploads\/2019\/10\/bg_skills-180x146.jpg 180w, https:\/\/drjaworowski.pl\/wp-content\/uploads\/2019\/10\/bg_skills-300x244.jpg 300w, https:\/\/drjaworowski.pl\/wp-content\/uploads\/2019\/10\/bg_skills-768x625.jpg 768w, https:\/\/drjaworowski.pl\/wp-content\/uploads\/2019\/10\/bg_skills.jpg 1920w\" sizes=\"auto, (max-width: 1024px) 100vw, 1024px\" data-srcset=\"https:\/\/drjaworowski.pl\/wp-content\/uploads\/2019\/10\/bg_skills-1024x833.jpg 1024w, https:\/\/drjaworowski.pl\/wp-content\/uploads\/2019\/10\/bg_skills-180x146.jpg 180w, https:\/\/drjaworowski.pl\/wp-content\/uploads\/2019\/10\/bg_skills-300x244.jpg 300w, https:\/\/drjaworowski.pl\/wp-content\/uploads\/2019\/10\/bg_skills-768x625.jpg 768w, https:\/\/drjaworowski.pl\/wp-content\/uploads\/2019\/10\/bg_skills.jpg 1920w\" data-src=\"https:\/\/drjaworowski.pl\/wp-content\/uploads\/2019\/10\/bg_skills-1024x833.jpg\" \/>    <\/div>\n        <div class=\"header-page__content\">\n      \n\n<div class=\"wp-block-columns are-vertically-aligned-center is-layout-flex wp-container-core-columns-is-layout-9d6595d7 wp-block-columns-is-layout-flex\">\n<div class=\"wp-block-column is-vertically-aligned-center is-layout-flow wp-block-column-is-layout-flow\"><h1 class=\"has-text-align-center wp-block-post-title\">Contact<\/h1><\/div>\n<\/div>\n\n\n    <\/div>\n\n  <\/div>\n<\/div>\n\n\n<div class=\"wp-block-group alignwide is-layout-constrained wp-block-group-is-layout-constrained\">\n<div class=\"wp-block-columns is-layout-flex wp-container-core-columns-is-layout-9d6595d7 wp-block-columns-is-layout-flex\">\n<div class=\"wp-block-column is-vertically-aligned-top is-layout-flow wp-block-column-is-layout-flow\">\n<h2 class=\"wp-block-heading\">Renew Clinic in Bia\u0142ystok<\/h2>\n\n\n\n<p><i class=\"zmdi zmdi-pin\"><\/i><a href=\"https:\/\/maps.app.goo.gl\/DKv7wiEMxXhnffSW9\" target=\"_blank\" rel=\"noreferrer noopener nofollow\"> Gen. Gustawa Orlicz-Dreszera 1, lokal 8, Bia\u0142ystok\u00a0<\/a><\/p>\n\n\n\n<p><i class=\"zmdi zmdi-phone\"><\/i> (+48) 606 200 193<\/p>\n\n\n\n<p><i class=\"zmdi zmdi-email\"><\/i>&nbsp;<a href=\"mailto:kontakt@renewclinic.pl\">kontakt@renewclinic.pl<\/a><\/p>\n\n\n\n<div class=\"wp-block-media-text is-stacked-on-mobile is-vertically-aligned-center\" style=\"grid-template-columns:20% auto\"><figure class=\"wp-block-media-text__media\"><img loading=\"lazy\" decoding=\"async\" width=\"600\" height=\"600\" src=\"https:\/\/drjaworowski.pl\/wp-content\/uploads\/2024\/06\/renew-logo.png\" alt=\"\" class=\"wp-image-1502 size-full\" srcset=\"https:\/\/drjaworowski.pl\/wp-content\/uploads\/2024\/06\/renew-logo.png 600w, https:\/\/drjaworowski.pl\/wp-content\/uploads\/2024\/06\/renew-logo-300x300.png 300w, https:\/\/drjaworowski.pl\/wp-content\/uploads\/2024\/06\/renew-logo-180x180.png 180w\" sizes=\"auto, (max-width: 600px) 100vw, 600px\" \/><\/figure><div class=\"wp-block-media-text__content\">\n<p><a href=\"https:\/\/renewclinic.pl\/\" target=\"_blank\" rel=\"noreferrer noopener\">Renew Clinic in Bia\u0142ystok<br>Go to the page<\/a><\/p>\n<\/div><\/div>\n\n\n<div class=\"accordion\">\n  \n\n<div class=\"accordion__item\" itemscope itemprop=\"mainEntity\" itemtype=\"https:\/\/schema.org\/Question\">\n  <div class=\"accordion__header\" data-toggle=\"collapse\" data-target=\"#accordion-item-block_088b443ca44497058f9c2396c681081e\">\n    <div class=\"accordion__title\">\n            <h2 itemprop=\"name\">Rezerwacja terminu konsultacji w Klinice Renew za po\u015brednictwem portalu znanylekarz.pl:<\/h2>    <\/div>\n    <div class=\"accordion__action\">\n      <button class=\"accordion__icon\" aria-label=\"Rozwijana tre\u015b\u0107\" aria-expanded=\"false\">\n        <svg width=\"24\" height=\"24\">\n          <use href=\"#icon-chevron-right\"><\/use>\n        <\/svg>\n      <\/button>\n    <\/div>\n  <\/div>\n\n  <div class=\"accordion__body\" id=\"accordion-item-block_088b443ca44497058f9c2396c681081e\" itemscope itemprop=\"acceptedAnswer\" itemtype=\"https:\/\/schema.org\/Answer\">\n    <div class=\"accordion__body-wrapper\" itemprop=\"text\">\n      \n\n<a id=\"zl-url\" class=\"zl-url\" href=\"https:\/\/www.znanylekarz.pl\/janusz-jaworowski\/chirurg-plastyczny-chirurg-onkolog\/bialystok\" rel=\"nofollow\" zlw-calendar-id=\"50018\" data-zlw-doctor=\"janusz-jaworowski\" data-zlw-type=\"big_with_calendar\" data-zlw-opinion=\"false\" data-zlw-hide-branding=\"true\">Janusz Jaworowski &#8211; ZnanyLekarz.pl<\/a><script>!function($_x,_s,id){var js,fjs=$_x.getElementsByTagName(_s)[0];if(!$_x.getElementById(id)){js = $_x.createElement(_s);js.id = id;js.src = \"\/\/platform.docplanner.com\/js\/widget.js\";fjs.parentNode.insertBefore(js,fjs);}}(document,\"script\",\"zl-widget-s\");<\/script>\n\n\n    <\/div>\n  <\/div>\n<\/div>\n\n<\/div>\n\n\n<h2 class=\"wp-block-heading\">Timeless Clinic in Warsaw<\/h2>\n\n\n\n<p><i class=\"zmdi zmdi-pin\"><\/i><a href=\"https:\/\/goo.gl\/maps\/hC7RBKNdRMG2\" target=\"_blank\" rel=\"noopener noreferrer\"> ul. gen. Romana Abrahama 18, Warszawa<\/a><\/p>\n\n\n\n<p><i class=\"zmdi zmdi-phone\"><\/i> (+48) 508 713 484<\/p>\n\n\n\n<p><i class=\"zmdi zmdi-email\"><\/i>&nbsp;<a href=\"mailto:kontakt@drjaworowski.pl\">kontakt@drjaworowski.pl<\/a><\/p>\n\n\n\n<div class=\"wp-block-media-text is-stacked-on-mobile is-vertically-aligned-center\" style=\"grid-template-columns:20% auto\"><figure class=\"wp-block-media-text__media\"><img loading=\"lazy\" decoding=\"async\" width=\"332\" height=\"332\" src=\"https:\/\/drjaworowski.pl\/wp-content\/uploads\/2016\/06\/timeless-logo-pl.png\" alt=\"\" class=\"wp-image-403 size-full\" srcset=\"https:\/\/drjaworowski.pl\/wp-content\/uploads\/2016\/06\/timeless-logo-pl.png 332w, https:\/\/drjaworowski.pl\/wp-content\/uploads\/2016\/06\/timeless-logo-pl-180x180.png 180w, https:\/\/drjaworowski.pl\/wp-content\/uploads\/2016\/06\/timeless-logo-pl-300x300.png 300w\" sizes=\"auto, (max-width: 332px) 100vw, 332px\" \/><\/figure><div class=\"wp-block-media-text__content\">\n<p><a class=\"tl-link\" href=\"http:\/\/timeless.com.pl\" target=\"_blank\" rel=\"noopener noreferrer\">Timeless Plastic Surgery<br><\/a><a href=\"https:\/\/renewclinic.pl\/\" target=\"_blank\" rel=\"noreferrer noopener\">Go to the page<\/a><\/p>\n<\/div><\/div>\n\n\n<div class=\"accordion\">\n  \n\n<div class=\"accordion__item\" itemscope itemprop=\"mainEntity\" itemtype=\"https:\/\/schema.org\/Question\">\n  <div class=\"accordion__header\" data-toggle=\"collapse\" data-target=\"#accordion-item-block_8984c593a4d1e0a5f502aedcc9278bf4\">\n    <div class=\"accordion__title\">\n            <h2 itemprop=\"name\">Rezerwacja terminu konsultacji w Timeless Chirurgia Plastyczna za po\u015brednictwem portalu znanylekarz.pl:<\/h2>    <\/div>\n    <div class=\"accordion__action\">\n      <button class=\"accordion__icon\" aria-label=\"Rozwijana tre\u015b\u0107\" aria-expanded=\"false\">\n        <svg width=\"24\" height=\"24\">\n          <use href=\"#icon-chevron-right\"><\/use>\n        <\/svg>\n      <\/button>\n    <\/div>\n  <\/div>\n\n  <div class=\"accordion__body\" id=\"accordion-item-block_8984c593a4d1e0a5f502aedcc9278bf4\" itemscope itemprop=\"acceptedAnswer\" itemtype=\"https:\/\/schema.org\/Answer\">\n    <div class=\"accordion__body-wrapper\" itemprop=\"text\">\n      \n\n<a id=\"zl-url\" class=\"zl-url\" href=\"https:\/\/www.znanylekarz.pl\/janusz-jaworowski\/chirurg-plastyczny-chirurg-onkolog\/bialystok\" rel=\"nofollow\" data-zlw-calendar-id=\"505024\" data-zlw-doctor=\"janusz-jaworowski\" data-zlw-type=\"big_with_calendar\" data-zlw-opinion=\"false\" data-zlw-hide-branding=\"true\" data-zlw-saas-only=\"false\">Janusz Jaworowski &#8211; ZnanyLekarz.pl<\/a><script>!function($_x,_s,id){var js,fjs=$_x.getElementsByTagName(_s)[0];if(!$_x.getElementById(id)){js = $_x.createElement(_s);js.id = id;js.src = \"\/\/platform.docplanner.com\/js\/widget.js\";fjs.parentNode.insertBefore(js,fjs);}}(document,\"script\",\"zl-widget-s\");<\/script>\n\n\n    <\/div>\n  <\/div>\n<\/div>\n\n<\/div><\/div>\n\n\n\n<div class=\"wp-block-column is-vertically-aligned-top is-layout-flow wp-block-column-is-layout-flow\">\n<h2 class=\"wp-block-heading\">Contact Form<\/h2>\n\n\n\n<div class=\"wp-block-contact-form-7-contact-form-selector\"><p class=\"wpcf7-contact-form-not-found\"><strong>Error:<\/strong> Contact form not found.<\/p><\/div>\n<\/div>\n<\/div>\n<\/div>\n\n\n\n<blockquote class=\"wp-block-quote is-layout-flow wp-block-quote-is-layout-flow\">\n<p><\/p>\n<\/blockquote>\n","protected":false},"excerpt":{"rendered":"<p>Renew Clinic in Bia\u0142ystok Gen. Gustawa Orlicz-Dreszera 1, lokal 8, Bia\u0142ystok\u00a0 (+48) 606 200 193 &nbsp;kontakt@renewclinic.pl Renew Clinic in Bia\u0142ystokGo to the page Timeless Clinic in Warsaw ul. gen. Romana Abrahama 18, Warszawa (+48) 508 713 484 &nbsp;kontakt@drjaworowski.pl Timeless Plastic SurgeryGo to the page Contact Form<\/p>\n","protected":false},"author":1,"featured_media":1064,"parent":0,"menu_order":0,"comment_status":"closed","ping_status":"closed","template":"","meta":{"_acf_changed":false,"footnotes":""},"class_list":["post-244","page","type-page","status-publish","has-post-thumbnail","hentry"],"acf":[],"yoast_head":"<!-- This site is optimized with the Yoast SEO plugin v27.1.1 - https:\/\/yoast.com\/product\/yoast-seo-wordpress\/ -->\n<title>Contact - Plastic surgery Bia\u0142ystok - dr Janusz Jaworowski<\/title>\n<meta name=\"robots\" content=\"index, follow, max-snippet:-1, max-image-preview:large, max-video-preview:-1\" \/>\n<link rel=\"canonical\" href=\"https:\/\/drjaworowski.pl\/en\/contact\/\" \/>\n<meta property=\"og:locale\" content=\"en_US\" \/>\n<meta property=\"og:type\" content=\"article\" \/>\n<meta property=\"og:title\" content=\"Contact - Plastic surgery Bia\u0142ystok - dr Janusz Jaworowski\" \/>\n<meta property=\"og:description\" content=\"Renew Clinic in Bia\u0142ystok Gen. Gustawa Orlicz-Dreszera 1, lokal 8, Bia\u0142ystok\u00a0 (+48) 606 200 193 &nbsp;kontakt@renewclinic.pl Renew Clinic in Bia\u0142ystokGo to the page Timeless Clinic in Warsaw ul. gen. Romana Abrahama 18, Warszawa (+48) 508 713 484 &nbsp;kontakt@drjaworowski.pl Timeless Plastic SurgeryGo to the page Contact Form\" \/>\n<meta property=\"og:url\" content=\"https:\/\/drjaworowski.pl\/en\/contact\/\" \/>\n<meta property=\"og:site_name\" content=\"Plastic surgery Bia\u0142ystok - dr Janusz Jaworowski\" \/>\n<meta property=\"article:modified_time\" content=\"2024-11-22T11:47:35+00:00\" \/>\n<meta property=\"og:image\" content=\"https:\/\/drjaworowski.pl\/wp-content\/uploads\/2016\/06\/timeless-logo-pl.png\" \/>\n\t<meta property=\"og:image:width\" content=\"332\" \/>\n\t<meta property=\"og:image:height\" content=\"332\" \/>\n\t<meta property=\"og:image:type\" content=\"image\/png\" \/>\n<meta name=\"twitter:card\" content=\"summary_large_image\" \/>\n<meta name=\"twitter:label1\" content=\"Est. reading time\" \/>\n\t<meta name=\"twitter:data1\" content=\"2 minutes\" \/>\n<script type=\"application\/ld+json\" class=\"yoast-schema-graph\">{\"@context\":\"https:\/\/schema.org\",\"@graph\":[{\"@type\":\"WebPage\",\"@id\":\"https:\/\/drjaworowski.pl\/en\/contact\/\",\"url\":\"https:\/\/drjaworowski.pl\/en\/contact\/\",\"name\":\"Contact - Plastic surgery Bia\u0142ystok - dr Janusz Jaworowski\",\"isPartOf\":{\"@id\":\"https:\/\/drjaworowski.pl\/#website\"},\"primaryImageOfPage\":{\"@id\":\"https:\/\/drjaworowski.pl\/en\/contact\/#primaryimage\"},\"image\":{\"@id\":\"https:\/\/drjaworowski.pl\/en\/contact\/#primaryimage\"},\"thumbnailUrl\":\"https:\/\/drjaworowski.pl\/wp-content\/uploads\/2016\/06\/timeless-logo-pl.png\",\"datePublished\":\"2016-10-23T17:46:47+00:00\",\"dateModified\":\"2024-11-22T11:47:35+00:00\",\"breadcrumb\":{\"@id\":\"https:\/\/drjaworowski.pl\/en\/contact\/#breadcrumb\"},\"inLanguage\":\"en-US\",\"potentialAction\":[{\"@type\":\"ReadAction\",\"target\":[\"https:\/\/drjaworowski.pl\/en\/contact\/\"]}]},{\"@type\":\"ImageObject\",\"inLanguage\":\"en-US\",\"@id\":\"https:\/\/drjaworowski.pl\/en\/contact\/#primaryimage\",\"url\":\"https:\/\/drjaworowski.pl\/wp-content\/uploads\/2016\/06\/timeless-logo-pl.png\",\"contentUrl\":\"https:\/\/drjaworowski.pl\/wp-content\/uploads\/2016\/06\/timeless-logo-pl.png\",\"width\":332,\"height\":332},{\"@type\":\"BreadcrumbList\",\"@id\":\"https:\/\/drjaworowski.pl\/en\/contact\/#breadcrumb\",\"itemListElement\":[{\"@type\":\"ListItem\",\"position\":1,\"name\":\"Strona g\u0142\u00f3wna\",\"item\":\"https:\/\/drjaworowski.pl\/en\/\"},{\"@type\":\"ListItem\",\"position\":2,\"name\":\"Contact\"}]},{\"@type\":\"WebSite\",\"@id\":\"https:\/\/drjaworowski.pl\/#website\",\"url\":\"https:\/\/drjaworowski.pl\/\",\"name\":\"Plastic surgery Bia\u0142ystok - dr Janusz Jaworowski\",\"description\":\"Chirurgia plastyczna rekonstrukcyjna estetyczna onkologiczna timeless\",\"potentialAction\":[{\"@type\":\"SearchAction\",\"target\":{\"@type\":\"EntryPoint\",\"urlTemplate\":\"https:\/\/drjaworowski.pl\/?s={search_term_string}\"},\"query-input\":{\"@type\":\"PropertyValueSpecification\",\"valueRequired\":true,\"valueName\":\"search_term_string\"}}],\"inLanguage\":\"en-US\"}]}<\/script>\n<!-- \/ Yoast SEO plugin. -->","yoast_head_json":{"title":"Contact - Plastic surgery Bia\u0142ystok - dr Janusz Jaworowski","robots":{"index":"index","follow":"follow","max-snippet":"max-snippet:-1","max-image-preview":"max-image-preview:large","max-video-preview":"max-video-preview:-1"},"canonical":"https:\/\/drjaworowski.pl\/en\/contact\/","og_locale":"en_US","og_type":"article","og_title":"Contact - Plastic surgery Bia\u0142ystok - dr Janusz Jaworowski","og_description":"Renew Clinic in Bia\u0142ystok Gen. Gustawa Orlicz-Dreszera 1, lokal 8, Bia\u0142ystok\u00a0 (+48) 606 200 193 &nbsp;kontakt@renewclinic.pl Renew Clinic in Bia\u0142ystokGo to the page Timeless Clinic in Warsaw ul. gen. Romana Abrahama 18, Warszawa (+48) 508 713 484 &nbsp;kontakt@drjaworowski.pl Timeless Plastic SurgeryGo to the page Contact Form","og_url":"https:\/\/drjaworowski.pl\/en\/contact\/","og_site_name":"Plastic surgery Bia\u0142ystok - dr Janusz Jaworowski","article_modified_time":"2024-11-22T11:47:35+00:00","og_image":[{"width":332,"height":332,"url":"https:\/\/drjaworowski.pl\/wp-content\/uploads\/2016\/06\/timeless-logo-pl.png","type":"image\/png"}],"twitter_card":"summary_large_image","twitter_misc":{"Est. reading time":"2 minutes"},"schema":{"@context":"https:\/\/schema.org","@graph":[{"@type":"WebPage","@id":"https:\/\/drjaworowski.pl\/en\/contact\/","url":"https:\/\/drjaworowski.pl\/en\/contact\/","name":"Contact - Plastic surgery Bia\u0142ystok - dr Janusz Jaworowski","isPartOf":{"@id":"https:\/\/drjaworowski.pl\/#website"},"primaryImageOfPage":{"@id":"https:\/\/drjaworowski.pl\/en\/contact\/#primaryimage"},"image":{"@id":"https:\/\/drjaworowski.pl\/en\/contact\/#primaryimage"},"thumbnailUrl":"https:\/\/drjaworowski.pl\/wp-content\/uploads\/2016\/06\/timeless-logo-pl.png","datePublished":"2016-10-23T17:46:47+00:00","dateModified":"2024-11-22T11:47:35+00:00","breadcrumb":{"@id":"https:\/\/drjaworowski.pl\/en\/contact\/#breadcrumb"},"inLanguage":"en-US","potentialAction":[{"@type":"ReadAction","target":["https:\/\/drjaworowski.pl\/en\/contact\/"]}]},{"@type":"ImageObject","inLanguage":"en-US","@id":"https:\/\/drjaworowski.pl\/en\/contact\/#primaryimage","url":"https:\/\/drjaworowski.pl\/wp-content\/uploads\/2016\/06\/timeless-logo-pl.png","contentUrl":"https:\/\/drjaworowski.pl\/wp-content\/uploads\/2016\/06\/timeless-logo-pl.png","width":332,"height":332},{"@type":"BreadcrumbList","@id":"https:\/\/drjaworowski.pl\/en\/contact\/#breadcrumb","itemListElement":[{"@type":"ListItem","position":1,"name":"Strona g\u0142\u00f3wna","item":"https:\/\/drjaworowski.pl\/en\/"},{"@type":"ListItem","position":2,"name":"Contact"}]},{"@type":"WebSite","@id":"https:\/\/drjaworowski.pl\/#website","url":"https:\/\/drjaworowski.pl\/","name":"Plastic surgery Bia\u0142ystok - dr Janusz Jaworowski","description":"Chirurgia plastyczna rekonstrukcyjna estetyczna onkologiczna timeless","potentialAction":[{"@type":"SearchAction","target":{"@type":"EntryPoint","urlTemplate":"https:\/\/drjaworowski.pl\/?s={search_term_string}"},"query-input":{"@type":"PropertyValueSpecification","valueRequired":true,"valueName":"search_term_string"}}],"inLanguage":"en-US"}]}},"_links":{"self":[{"href":"https:\/\/drjaworowski.pl\/en\/wp-json\/wp\/v2\/pages\/244","targetHints":{"allow":["GET"]}}],"collection":[{"href":"https:\/\/drjaworowski.pl\/en\/wp-json\/wp\/v2\/pages"}],"about":[{"href":"https:\/\/drjaworowski.pl\/en\/wp-json\/wp\/v2\/types\/page"}],"author":[{"embeddable":true,"href":"https:\/\/drjaworowski.pl\/en\/wp-json\/wp\/v2\/users\/1"}],"replies":[{"embeddable":true,"href":"https:\/\/drjaworowski.pl\/en\/wp-json\/wp\/v2\/comments?post=244"}],"version-history":[{"count":25,"href":"https:\/\/drjaworowski.pl\/en\/wp-json\/wp\/v2\/pages\/244\/revisions"}],"predecessor-version":[{"id":2220,"href":"https:\/\/drjaworowski.pl\/en\/wp-json\/wp\/v2\/pages\/244\/revisions\/2220"}],"wp:featuredmedia":[{"embeddable":true,"href":"https:\/\/drjaworowski.pl\/en\/wp-json\/wp\/v2\/media\/1064"}],"wp:attachment":[{"href":"https:\/\/drjaworowski.pl\/en\/wp-json\/wp\/v2\/media?parent=244"}],"curies":[{"name":"wp","href":"https:\/\/api.w.org\/{rel}","templated":true}]}}